{"id":10,"date":"2014-09-23T14:43:46","date_gmt":"2014-09-23T14:43:46","guid":{"rendered":"http:\/\/bheiran.com\/?page_id=10"},"modified":"2024-02-02T10:58:23","modified_gmt":"2024-02-02T10:58:23","slug":"enlaces-en-bheiran","status":"publish","type":"page","link":"http:\/\/bheiran.trotajueves.es\/?page_id=10","title":{"rendered":"ART\u00cdCULOS para comprender BHEIRAN"},"content":{"rendered":"<p><img loading=\"lazy\" decoding=\"async\" class=\"alignleft size-thumbnail wp-image-240\" src=\"http:\/\/bheiran.com\/wp-content\/uploads\/2014\/10\/flechaInicio-91x150.gif\" alt=\"flechaInicio\" width=\"91\" height=\"150\" srcset=\"http:\/\/bheiran.trotajueves.es\/wp-content\/uploads\/2014\/10\/flechaInicio-91x150.gif 91w, http:\/\/bheiran.trotajueves.es\/wp-content\/uploads\/2014\/10\/flechaInicio-139x230.gif 139w\" sizes=\"auto, (max-width: 91px) 100vw, 91px\" \/><\/p>\n<p>CUANDO TERMINES CON LAS P\u00c1GINAS PROTEGIDAS,<\/p>\n<p>RECUERDA SALIR<\/p>\n<p>APRETANDO ESTE BOT\u00d3N.<\/p>\n<p>Todos te lo agradeceremos,<\/p>\n<p>incluso t\u00fa. Un beso.<\/p>\n<p>&nbsp;<\/p>\n<p><a href=\"https:\/\/www.uam.es\/otroscentros\/asiriologiayegipto\/asiriologia\/asirio_art01.html\" target=\"_blank\" rel=\"noopener\"><img loading=\"lazy\" decoding=\"async\" class=\"alignnone wp-image-558 size-thumbnail\" src=\"http:\/\/bheiran.com\/wp-content\/uploads\/2014\/10\/250px-Ali-bey-95x150.jpg\" alt=\"\" width=\"95\" height=\"150\" srcset=\"http:\/\/bheiran.trotajueves.es\/wp-content\/uploads\/2014\/10\/250px-Ali-bey-95x150.jpg 95w, http:\/\/bheiran.trotajueves.es\/wp-content\/uploads\/2014\/10\/250px-Ali-bey-191x300.jpg 191w, http:\/\/bheiran.trotajueves.es\/wp-content\/uploads\/2014\/10\/250px-Ali-bey-146x230.jpg 146w, http:\/\/bheiran.trotajueves.es\/wp-content\/uploads\/2014\/10\/250px-Ali-bey.jpg 250w\" sizes=\"auto, (max-width: 95px) 100vw, 95px\" \/><\/a><\/p>\n<p><a href=\"http:\/\/www.abc.es\/cultura\/libros\/20130121\/abci-espia-fuerza-201301182031.html\" target=\"_blank\" rel=\"noopener\">Domingo Bad\u00eda 1<\/a><\/p>\n<p><a href=\"http:\/\/www.artehistoria.com\/v2\/personajes\/8241.htm\" target=\"_blank\" rel=\"noopener\">Domingo Bad\u00eda 2<\/a><\/p>\n<p><a href=\"http:\/\/www.mcnbiografias.com\/app-bio\/do\/show?key=badia-i-leblich-domenec\" target=\"_blank\" rel=\"noopener\">Domingo Bad\u00eda 3<\/a><\/p>\n<p><a href=\"http:\/\/www.uned.es\/dpto-hdi\/museovirtualhistoriamasoneria\/7antimasonismo\/mito%20M%20y%20expulsion%20jesuitas.htm\" target=\"_blank\" rel=\"noopener\"><img loading=\"lazy\" decoding=\"async\" class=\"alignnone wp-image-563 size-thumbnail\" src=\"http:\/\/bheiran.com\/wp-content\/uploads\/2014\/09\/jesuitas06-133x150.jpg\" alt=\"jesuitas06\" width=\"133\" height=\"150\" srcset=\"http:\/\/bheiran.trotajueves.es\/wp-content\/uploads\/2014\/09\/jesuitas06-133x150.jpg 133w, http:\/\/bheiran.trotajueves.es\/wp-content\/uploads\/2014\/09\/jesuitas06-266x300.jpg 266w, http:\/\/bheiran.trotajueves.es\/wp-content\/uploads\/2014\/09\/jesuitas06-204x230.jpg 204w, http:\/\/bheiran.trotajueves.es\/wp-content\/uploads\/2014\/09\/jesuitas06.jpg 288w\" sizes=\"auto, (max-width: 133px) 100vw, 133px\" \/><\/a><\/p>\n<p><a href=\"http:\/\/www.cervantesvirtual.com\/portales\/expulsion_jesuitas\/papel_clero\/\" target=\"_blank\" rel=\"noopener\">expulsi\u00f3n de los jesuitas\u00a01<\/a><\/p>\n<p><a href=\"http:\/\/hispaniasacra.revistas.csic.es\/index.php\/hispaniasacra\/article\/view\/376\/377\" target=\"_blank\" rel=\"noopener\"><img loading=\"lazy\" decoding=\"async\" class=\"alignnone wp-image-562 size-thumbnail\" src=\"http:\/\/bheiran.com\/wp-content\/uploads\/2014\/09\/Evangelizaci\u00f3n-150x87.jpg\" alt=\"Evangelizaci\u00f3n\" width=\"150\" height=\"87\" srcset=\"http:\/\/bheiran.trotajueves.es\/wp-content\/uploads\/2014\/09\/Evangelizaci\u00f3n-150x87.jpg 150w, http:\/\/bheiran.trotajueves.es\/wp-content\/uploads\/2014\/09\/Evangelizaci\u00f3n.jpg 300w\" sizes=\"auto, (max-width: 150px) 100vw, 150px\" \/><\/a><\/p>\n<p><a href=\"http:\/\/hispaniasacra.revistas.csic.es\/index.php\/hispaniasacra\/article\/view\/376\/377\" target=\"_blank\" rel=\"noopener\">Dominicos en Am\u00e9rica a partir de 1780<\/a><\/p>\n<p><a href=\"http:\/\/www.todoababor.es\/articulos\/expedicion-barcelo-1783.html\" target=\"_blank\" rel=\"noopener\"><img loading=\"lazy\" decoding=\"async\" class=\"alignnone wp-image-522 size-thumbnail\" src=\"http:\/\/bheiran.com\/wp-content\/uploads\/2014\/10\/barcelo-111x150.jpg\" alt=\"barcelo\" width=\"111\" height=\"150\" srcset=\"http:\/\/bheiran.trotajueves.es\/wp-content\/uploads\/2014\/10\/barcelo-111x150.jpg 111w, http:\/\/bheiran.trotajueves.es\/wp-content\/uploads\/2014\/10\/barcelo-222x300.jpg 222w, http:\/\/bheiran.trotajueves.es\/wp-content\/uploads\/2014\/10\/barcelo-170x230.jpg 170w, http:\/\/bheiran.trotajueves.es\/wp-content\/uploads\/2014\/10\/barcelo.jpg 280w\" sizes=\"auto, (max-width: 111px) 100vw, 111px\" \/><\/a><\/p>\n<p><a href=\"http:\/\/www.todoababor.es\/articulos\/expedicion-barcelo-1783.html\" target=\"_blank\" rel=\"noopener\">Expedici\u00f3n contra Argel <em><strong>1783<\/strong> <\/em>Comandante Barcel\u00f3<\/a><\/p>\n<p><a href=\"http:\/\/www.todoababor.es\/articulos\/expedicion-barcelo-1784.html\" target=\"_blank\" rel=\"noopener\"><img loading=\"lazy\" decoding=\"async\" class=\"alignnone wp-image-522 size-thumbnail\" src=\"http:\/\/bheiran.com\/wp-content\/uploads\/2014\/10\/barcelo-111x150.jpg\" alt=\"barcelo\" width=\"111\" height=\"150\" srcset=\"http:\/\/bheiran.trotajueves.es\/wp-content\/uploads\/2014\/10\/barcelo-111x150.jpg 111w, http:\/\/bheiran.trotajueves.es\/wp-content\/uploads\/2014\/10\/barcelo-222x300.jpg 222w, http:\/\/bheiran.trotajueves.es\/wp-content\/uploads\/2014\/10\/barcelo-170x230.jpg 170w, http:\/\/bheiran.trotajueves.es\/wp-content\/uploads\/2014\/10\/barcelo.jpg 280w\" sizes=\"auto, (max-width: 111px) 100vw, 111px\" \/><\/a><\/p>\n<p><a href=\"http:\/\/www.todoababor.es\/articulos\/expedicion-barcelo-1784.html\" target=\"_blank\" rel=\"noopener\">Expedici\u00f3n contra Argel <strong><em>1784<\/em><\/strong> Comandante Barcel\u00f3<\/a><\/p>\n<p><a href=\"http:\/\/www.espacioebook.com\/ilustracion\/cadalso\/Cadalso_CartasMarruecas.pdf\" target=\"_blank\" rel=\"noopener\"><img loading=\"lazy\" decoding=\"async\" class=\"alignnone wp-image-483 size-thumbnail\" src=\"http:\/\/bheiran.com\/wp-content\/uploads\/2015\/03\/cartas-ma-130x150.jpeg\" alt=\"CARTAS MARRUECAS\" width=\"130\" height=\"150\" srcset=\"http:\/\/bheiran.trotajueves.es\/wp-content\/uploads\/2015\/03\/cartas-ma-130x150.jpeg 130w, http:\/\/bheiran.trotajueves.es\/wp-content\/uploads\/2015\/03\/cartas-ma.jpeg 200w\" sizes=\"auto, (max-width: 130px) 100vw, 130px\" \/><\/a><\/p>\n<p><a href=\"http:\/\/www.espacioebook.com\/ilustracion\/cadalso\/Cadalso_CartasMarruecas.pdf\" target=\"_blank\" rel=\"noopener\">Cartas Marruecas<\/a><\/p>\n<p><a href=\"http:\/\/www.traveler.es\/viajes\/mundo-traveler\/articulos\/bienvenidos-a-mama-georgia\/5677\" target=\"_blank\" rel=\"noopener\"><img loading=\"lazy\" decoding=\"async\" class=\"alignnone wp-image-433 size-thumbnail\" src=\"http:\/\/bheiran.com\/wp-content\/uploads\/2015\/02\/caucaso-150x80.jpeg\" alt=\"caucaso\" width=\"150\" height=\"80\" srcset=\"http:\/\/bheiran.trotajueves.es\/wp-content\/uploads\/2015\/02\/caucaso-150x80.jpeg 150w, http:\/\/bheiran.trotajueves.es\/wp-content\/uploads\/2015\/02\/caucaso-300x160.jpeg 300w, http:\/\/bheiran.trotajueves.es\/wp-content\/uploads\/2015\/02\/caucaso-429x230.jpeg 429w, http:\/\/bheiran.trotajueves.es\/wp-content\/uploads\/2015\/02\/caucaso.jpeg 450w\" sizes=\"auto, (max-width: 150px) 100vw, 150px\" \/><\/a><\/p>\n<p><a href=\"http:\/\/www.traveler.es\/viajes\/mundo-traveler\/articulos\/bienvenidos-a-mama-georgia\/5677\" target=\"_blank\" rel=\"noopener\">Georgia, la C\u00f3lquida.<\/a><\/p>\n<p><a href=\"http:\/\/bheiran.com\/wp-content\/uploads\/2015\/01\/No_fueron_solos_dossier.pdf\"><img loading=\"lazy\" decoding=\"async\" class=\"alignnone size-thumbnail wp-image-418\" src=\"http:\/\/bheiran.com\/wp-content\/uploads\/2015\/01\/Nofueronsolos_cartel-106x150.jpg\" alt=\"Nofueronsolos_cartel\" width=\"106\" height=\"150\" srcset=\"http:\/\/bheiran.trotajueves.es\/wp-content\/uploads\/2015\/01\/Nofueronsolos_cartel-106x150.jpg 106w, http:\/\/bheiran.trotajueves.es\/wp-content\/uploads\/2015\/01\/Nofueronsolos_cartel-212x300.jpg 212w, http:\/\/bheiran.trotajueves.es\/wp-content\/uploads\/2015\/01\/Nofueronsolos_cartel-162x230.jpg 162w, http:\/\/bheiran.trotajueves.es\/wp-content\/uploads\/2015\/01\/Nofueronsolos_cartel.jpg 400w\" sizes=\"auto, (max-width: 106px) 100vw, 106px\" \/><\/a><\/p>\n<p><strong><em><a href=\"http:\/\/bheiran.com\/wp-content\/uploads\/2015\/01\/No_fueron_solos_dossier.pdf\" target=\"_blank\" rel=\"noopener\">No fueron solos. Mujeres en la conquista y colonizaci\u00f3n de Am\u00e9rica<\/a><\/em><\/strong><\/p>\n<figure id=\"attachment_377\" aria-describedby=\"caption-attachment-377\" style=\"width: 120px\" class=\"wp-caption alignnone\"><a href=\"http:\/\/wikimujeres.net\/wiki\/categorias-wiki\/aventureras-y-exploradoras?page=1\" target=\"_blank\" rel=\"noopener\"><img loading=\"lazy\" decoding=\"async\" class=\"wp-image-377 size-thumbnail\" src=\"http:\/\/bheiran.com\/wp-content\/uploads\/2014\/10\/Medea-120x150.jpg\" alt=\"AVENTURERAS\" width=\"120\" height=\"150\" srcset=\"http:\/\/bheiran.trotajueves.es\/wp-content\/uploads\/2014\/10\/Medea-120x150.jpg 120w, http:\/\/bheiran.trotajueves.es\/wp-content\/uploads\/2014\/10\/Medea-240x300.jpg 240w, http:\/\/bheiran.trotajueves.es\/wp-content\/uploads\/2014\/10\/Medea-184x230.jpg 184w, http:\/\/bheiran.trotajueves.es\/wp-content\/uploads\/2014\/10\/Medea.jpg 260w\" sizes=\"auto, (max-width: 120px) 100vw, 120px\" \/><\/a><figcaption id=\"caption-attachment-377\" class=\"wp-caption-text\">AVENTURERAS<\/figcaption><\/figure>\n<p><a href=\"http:\/\/wikimujeres.net\/wiki\/categorias-wiki\/aventureras-y-exploradoras?page=1\" target=\"_blank\" rel=\"noopener\"><em><strong>Wiki Mujeres<\/strong><\/em>. ENLACE CON AVENTURERAS A LO LARGO DE LA HISTORIA<\/a><\/p>\n<p><a href=\"http:\/\/bheiran.com\/wp-content\/uploads\/2015\/01\/paludismo-en-valencia-en-s.-XVIII.pdf\" target=\"_blank\" rel=\"noopener\"><img loading=\"lazy\" decoding=\"async\" class=\"alignnone wp-image-388 size-thumbnail\" src=\"http:\/\/bheiran.com\/wp-content\/uploads\/2015\/01\/arroz-150x93.jpg\" alt=\"arroz\" width=\"150\" height=\"93\" srcset=\"http:\/\/bheiran.trotajueves.es\/wp-content\/uploads\/2015\/01\/arroz-150x93.jpg 150w, http:\/\/bheiran.trotajueves.es\/wp-content\/uploads\/2015\/01\/arroz-300x187.jpg 300w, http:\/\/bheiran.trotajueves.es\/wp-content\/uploads\/2015\/01\/arroz-368x230.jpg 368w, http:\/\/bheiran.trotajueves.es\/wp-content\/uploads\/2015\/01\/arroz.jpg 604w\" sizes=\"auto, (max-width: 150px) 100vw, 150px\" \/><\/a><\/p>\n<p><a href=\"http:\/\/bheiran.com\/wp-content\/uploads\/2015\/01\/paludismo-en-valencia-en-s.-XVIII.pdf\" target=\"_blank\" rel=\"noopener\">PALUDISMO EN VALENCIA EN EL SIGLO XVIII<\/a><\/p>\n<p><a href=\"http:\/\/bheiran.com\/wp-content\/uploads\/2015\/01\/95-100-1-PB.pdf\" target=\"_blank\" rel=\"noopener\"><img loading=\"lazy\" decoding=\"async\" class=\"alignnone wp-image-326 size-thumbnail\" src=\"http:\/\/bheiran.com\/wp-content\/uploads\/2014\/09\/legajo2-108x150.jpg\" alt=\"legajo2\" width=\"108\" height=\"150\" srcset=\"http:\/\/bheiran.trotajueves.es\/wp-content\/uploads\/2014\/09\/legajo2-108x150.jpg 108w, http:\/\/bheiran.trotajueves.es\/wp-content\/uploads\/2014\/09\/legajo2-166x230.jpg 166w, http:\/\/bheiran.trotajueves.es\/wp-content\/uploads\/2014\/09\/legajo2.jpg 191w\" sizes=\"auto, (max-width: 108px) 100vw, 108px\" \/><\/a><\/p>\n<p><a href=\"http:\/\/bheiran.com\/wp-content\/uploads\/2015\/01\/95-100-1-PB.pdf\" target=\"_blank\" rel=\"noopener\">EL DISCURSO M\u00c9DICO A PROP\u00d3SITO DE LAS FIEBRES Y DE LA QUINA EN EL TRATADO DE LAS CALENTURAS (1751) DE ANDR\u00c9S PIQUER<\/a><\/p>\n<p><img loading=\"lazy\" decoding=\"async\" class=\"aligncenter size-full wp-image-339\" src=\"http:\/\/bheiran.com\/wp-content\/uploads\/2014\/11\/espa\u00f1a-poblaci\u00f3n.png\" alt=\"espa\u00f1a poblaci\u00f3n\" width=\"568\" height=\"387\" srcset=\"http:\/\/bheiran.trotajueves.es\/wp-content\/uploads\/2014\/11\/espa\u00f1a-poblaci\u00f3n.png 568w, http:\/\/bheiran.trotajueves.es\/wp-content\/uploads\/2014\/11\/espa\u00f1a-poblaci\u00f3n-150x102.png 150w, http:\/\/bheiran.trotajueves.es\/wp-content\/uploads\/2014\/11\/espa\u00f1a-poblaci\u00f3n-300x204.png 300w, http:\/\/bheiran.trotajueves.es\/wp-content\/uploads\/2014\/11\/espa\u00f1a-poblaci\u00f3n-337x230.png 337w\" sizes=\"auto, (max-width: 568px) 100vw, 568px\" \/><\/p>\n<p><strong>Distribuci\u00f3n de la poblaci\u00f3n Espa\u00f1ola en 1787<\/strong><\/p>\n<p><a href=\"http:\/\/books.google.es\/books?id=h87SZ7mhQpcC&amp;pg=PA1&amp;lpg=PA1&amp;dq=Jos%C3%A9+Masdevall+inspector+de+epidemias+del+Principado+de+Catalu%C3%B1a&amp;source=bl&amp;ots=vXjF\" target=\"_blank\" rel=\"noopener\"><img loading=\"lazy\" decoding=\"async\" class=\"alignnone wp-image-326 size-thumbnail\" src=\"http:\/\/bheiran.com\/wp-content\/uploads\/2014\/09\/legajo2-108x150.jpg\" alt=\"legajo2\" width=\"108\" height=\"150\" srcset=\"http:\/\/bheiran.trotajueves.es\/wp-content\/uploads\/2014\/09\/legajo2-108x150.jpg 108w, http:\/\/bheiran.trotajueves.es\/wp-content\/uploads\/2014\/09\/legajo2-166x230.jpg 166w, http:\/\/bheiran.trotajueves.es\/wp-content\/uploads\/2014\/09\/legajo2.jpg 191w\" sizes=\"auto, (max-width: 108px) 100vw, 108px\" \/><\/a><\/p>\n<p><a href=\"http:\/\/books.google.es\/books?id=h87SZ7mhQpcC&amp;pg=PA1&amp;lpg=PA1&amp;dq=Jos%C3%A9+Masdevall+inspector+de+epidemias+del+Principado+de+Catalu%C3%B1a&amp;source=bl&amp;ots=vXjF\" target=\"_blank\" rel=\"noopener\">Relaci\u00f3n de las epidemias de calenturas p\u00fatridas y malignas\u00a0<\/a><\/p>\n<p><a href=\"http:\/\/www.academia.edu\/4457178\/Tras%C3%ADmaco_y_el_derecho_del_m%C3%A1s_fuerte\" target=\"_blank\" rel=\"noopener\"><img loading=\"lazy\" decoding=\"async\" class=\"alignnone wp-image-309 size-thumbnail\" src=\"http:\/\/bheiran.com\/wp-content\/uploads\/2014\/10\/tranimaco-111x150.jpg\" alt=\"tranimaco\" width=\"111\" height=\"150\" srcset=\"http:\/\/bheiran.trotajueves.es\/wp-content\/uploads\/2014\/10\/tranimaco-111x150.jpg 111w, http:\/\/bheiran.trotajueves.es\/wp-content\/uploads\/2014\/10\/tranimaco-170x230.jpg 170w, http:\/\/bheiran.trotajueves.es\/wp-content\/uploads\/2014\/10\/tranimaco.jpg 200w\" sizes=\"auto, (max-width: 111px) 100vw, 111px\" \/><\/a><\/p>\n<p><em><strong><a href=\"http:\/\/www.academia.edu\/4457178\/Tras%C3%ADmaco_y_el_derecho_del_m%C3%A1s_fuerte\" target=\"_blank\" rel=\"noopener\">TEXTO FUNDACIONAL DE BHEIRAN. Tras\u00edmaco.<\/a><\/strong><\/em><\/p>\n<p><a href=\"http:\/\/blog.todoavante.es\/?cat=36\" target=\"_blank\" rel=\"noopener\"><img loading=\"lazy\" decoding=\"async\" class=\"alignnone wp-image-190 size-thumbnail\" src=\"http:\/\/bheiran.com\/wp-content\/uploads\/2014\/09\/urca-150x101.jpg\" alt=\"urcas\" width=\"150\" height=\"101\" srcset=\"http:\/\/bheiran.trotajueves.es\/wp-content\/uploads\/2014\/09\/urca-150x101.jpg 150w, http:\/\/bheiran.trotajueves.es\/wp-content\/uploads\/2014\/09\/urca-300x202.jpg 300w, http:\/\/bheiran.trotajueves.es\/wp-content\/uploads\/2014\/09\/urca-340x230.jpg 340w, http:\/\/bheiran.trotajueves.es\/wp-content\/uploads\/2014\/09\/urca.jpg 720w\" sizes=\"auto, (max-width: 150px) 100vw, 150px\" \/><\/a><\/p>\n<p><a href=\"http:\/\/blog.todoavante.es\/?cat=36\" target=\"_blank\" rel=\"noopener\">\u00a0Historia Naval. Diferentes tipos de \u00abUrcas\u00bb<\/a><\/p>\n<p><a href=\"http:\/\/whqlibdoc.who.int\/euro\/publications\/9243540157.pdf\" target=\"_blank\" rel=\"noopener\"><img loading=\"lazy\" decoding=\"async\" class=\"alignnone wp-image-182 size-thumbnail\" src=\"http:\/\/bheiran.com\/wp-content\/uploads\/2014\/09\/epidemias-150x111.jpg\" alt=\"paludismo\" width=\"150\" height=\"111\" srcset=\"http:\/\/bheiran.trotajueves.es\/wp-content\/uploads\/2014\/09\/epidemias-150x111.jpg 150w, http:\/\/bheiran.trotajueves.es\/wp-content\/uploads\/2014\/09\/epidemias-300x223.jpg 300w, http:\/\/bheiran.trotajueves.es\/wp-content\/uploads\/2014\/09\/epidemias-309x230.jpg 309w, http:\/\/bheiran.trotajueves.es\/wp-content\/uploads\/2014\/09\/epidemias.jpg 425w\" sizes=\"auto, (max-width: 150px) 100vw, 150px\" \/><\/a><\/p>\n<p><a href=\"http:\/\/whqlibdoc.who.int\/euro\/publications\/9243540157.pdf\" target=\"_blank\" rel=\"noopener\">Terminolog\u00eda del Paludismo y de la erradicaci\u00f3n del paludismo.<\/a><\/p>\n<p><a href=\"http:\/\/bheiran.com\/?p=150\" target=\"_blank\" rel=\"noopener\"><img loading=\"lazy\" decoding=\"async\" class=\"alignnone wp-image-151 size-thumbnail\" src=\"http:\/\/bheiran.com\/wp-content\/uploads\/2014\/10\/mercedes-150x98.jpg\" alt=\"Fragata Mercedes.\" width=\"150\" height=\"98\" srcset=\"http:\/\/bheiran.trotajueves.es\/wp-content\/uploads\/2014\/10\/mercedes-150x98.jpg 150w, http:\/\/bheiran.trotajueves.es\/wp-content\/uploads\/2014\/10\/mercedes-300x196.jpg 300w, http:\/\/bheiran.trotajueves.es\/wp-content\/uploads\/2014\/10\/mercedes-351x230.jpg 351w, http:\/\/bheiran.trotajueves.es\/wp-content\/uploads\/2014\/10\/mercedes.jpg 478w\" sizes=\"auto, (max-width: 150px) 100vw, 150px\" \/><\/a><\/p>\n<p><a title=\"BHEIRAN Y\u2026Visita al \u201cMUSEO NAVAL y 2\u00aa parte Exposici\u00f3n Fragata Mercedes\u201d\" href=\"http:\/\/bheiran.com\/?p=150\" target=\"_blank\" rel=\"noopener\">Visita al Museo Naval y 2\u00aa parte de la Exposici\u00f3n de la Fragata Mercedes.<\/a><\/p>\n<p><a href=\"http:\/\/www.bne.es\/es\/AreaPrensa\/noticias2014\/1007-clausura-disenar-america.html\"><img loading=\"lazy\" decoding=\"async\" class=\"alignnone wp-image-159 size-thumbnail\" src=\"http:\/\/bheiran.com\/wp-content\/uploads\/2014\/10\/america-150x143.jpg\" alt=\"america\" width=\"150\" height=\"143\" srcset=\"http:\/\/bheiran.trotajueves.es\/wp-content\/uploads\/2014\/10\/america-150x143.jpg 150w, http:\/\/bheiran.trotajueves.es\/wp-content\/uploads\/2014\/10\/america-300x286.jpg 300w, http:\/\/bheiran.trotajueves.es\/wp-content\/uploads\/2014\/10\/america-241x230.jpg 241w, http:\/\/bheiran.trotajueves.es\/wp-content\/uploads\/2014\/10\/america.jpg 394w\" sizes=\"auto, (max-width: 150px) 100vw, 150px\" \/><\/a><\/p>\n<p><strong><em><a href=\"http:\/\/www.bne.es\/es\/AreaPrensa\/noticias2014\/1007-clausura-disenar-america.html\" target=\"_blank\" rel=\"noopener\">\u00a0 Visita a la exposici\u00f3n de la Biblioteca Nacional de Espa\u00f1a. \u201cDISE\u00d1AR AM\u00c9RICA\u201d<\/a><\/em><\/strong><\/p>\n<p><a href=\"http:\/\/bheiran.com\/wp-content\/uploads\/2014\/10\/Longitud-Dava-Sobel.pdf\" target=\"_blank\" rel=\"noopener\"><img loading=\"lazy\" decoding=\"async\" class=\"alignnone wp-image-134 size-thumbnail\" src=\"http:\/\/bheiran.com\/wp-content\/uploads\/2014\/09\/longitud-99x150.jpg\" alt=\"longitud\" width=\"99\" height=\"150\" srcset=\"http:\/\/bheiran.trotajueves.es\/wp-content\/uploads\/2014\/09\/longitud-99x150.jpg 99w, http:\/\/bheiran.trotajueves.es\/wp-content\/uploads\/2014\/09\/longitud-198x300.jpg 198w, http:\/\/bheiran.trotajueves.es\/wp-content\/uploads\/2014\/09\/longitud-151x230.jpg 151w, http:\/\/bheiran.trotajueves.es\/wp-content\/uploads\/2014\/09\/longitud.jpg 330w\" sizes=\"auto, (max-width: 99px) 100vw, 99px\" \/><\/a><\/p>\n<p><strong><em><a href=\"http:\/\/bheiran.com\/wp-content\/uploads\/2014\/10\/Longitud-Dava-Sobel.pdf\" target=\"_blank\" rel=\"noopener\">\u00a0Obra: \u00abLongitud\u00bb de \u00a0Dava Sobel<\/a><\/em><\/strong><\/p>\n<p><a href=\"http:\/\/www.man.es\/man\/exposicion\/exposiciones-temporales\/NSMercedes\/recorrido-areas.html\" target=\"_blank\" rel=\"noopener\"><img loading=\"lazy\" decoding=\"async\" class=\"alignnone wp-image-107 size-thumbnail\" src=\"http:\/\/bheiran.com\/wp-content\/uploads\/2014\/09\/MAN_LOGOblanco-150x27.jpg\" alt=\"Exposici\u00f3n : &quot;El \u00faltimo viaje de la fragata Mercedes&quot;. Museo Arqueol\u00f3gico Nacional.\" width=\"150\" height=\"27\" srcset=\"http:\/\/bheiran.trotajueves.es\/wp-content\/uploads\/2014\/09\/MAN_LOGOblanco-150x27.jpg 150w, http:\/\/bheiran.trotajueves.es\/wp-content\/uploads\/2014\/09\/MAN_LOGOblanco.jpg 255w\" sizes=\"auto, (max-width: 150px) 100vw, 150px\" \/><\/a><\/p>\n<p><a href=\"http:\/\/www.man.es\/man\/exposicion\/exposiciones-temporales\/NSMercedes\/recorrido-areas.html\" target=\"_blank\" rel=\"noopener\"><em><strong>\u00a0Exposici\u00f3n : \u00abEl \u00faltimo viaje de la fragata Mercedes\u00bb. Museo Arqueol\u00f3gico Nacional.<\/strong><\/em><\/a><\/p>\n<h4 style=\"text-align: left;\"><a href=\"http:\/\/bheiran.com\/wp-content\/uploads\/2014\/09\/diario_del_viaje_de_un_naturalista.pdf\" target=\"_blank\" rel=\"noopener\"><img loading=\"lazy\" decoding=\"async\" class=\"alignnone wp-image-100 size-thumbnail\" src=\"http:\/\/bheiran.com\/wp-content\/uploads\/2014\/09\/BERGANTIN-150x92.jpg\" alt=\"\u201cDiario del viaje de un naturalista alrededor del mundo\u201d\" width=\"150\" height=\"92\" srcset=\"http:\/\/bheiran.trotajueves.es\/wp-content\/uploads\/2014\/09\/BERGANTIN-150x92.jpg 150w, http:\/\/bheiran.trotajueves.es\/wp-content\/uploads\/2014\/09\/BERGANTIN.jpg 286w\" sizes=\"auto, (max-width: 150px) 100vw, 150px\" \/><\/a><\/h4>\n<h4 style=\"text-align: left;\"><a href=\"http:\/\/bheiran.com\/wp-content\/uploads\/2014\/09\/diario_del_viaje_de_un_naturalista.pdf\" target=\"_blank\" rel=\"noopener\">\u00a0&#8211; <em>\u201cDiario del viaje de un naturalista alrededor del mundo\u201d<\/em>. \u00a0\u00a0Charles Darwin.\u00a0Segunda\u00a0expedici\u00f3n del\u00a0bergant\u00edn\u00a0HMS Beagle.<\/a><\/h4>\n<p><a href=\"http:\/\/blog.bne.es\/blog\/la-expedicion-malaspina\/\" target=\"_blank\" rel=\"noopener\"><img loading=\"lazy\" decoding=\"async\" class=\"alignnone wp-image-31 size-thumbnail\" src=\"http:\/\/bheiran.com\/wp-content\/uploads\/2014\/09\/Descubiertaatrevida-150x124.jpg\" alt=\"malaespina\" width=\"150\" height=\"124\" srcset=\"http:\/\/bheiran.trotajueves.es\/wp-content\/uploads\/2014\/09\/Descubiertaatrevida-150x124.jpg 150w, http:\/\/bheiran.trotajueves.es\/wp-content\/uploads\/2014\/09\/Descubiertaatrevida-300x248.jpg 300w, http:\/\/bheiran.trotajueves.es\/wp-content\/uploads\/2014\/09\/Descubiertaatrevida-277x230.jpg 277w, http:\/\/bheiran.trotajueves.es\/wp-content\/uploads\/2014\/09\/Descubiertaatrevida.jpg 723w\" sizes=\"auto, (max-width: 150px) 100vw, 150px\" \/><\/a><\/p>\n<p><a href=\"http:\/\/blog.bne.es\/blog\/la-expedicion-malaspina\/\" target=\"_blank\" rel=\"noopener\"><span style=\"color: #993300;\">\u00a0 \u00ab<\/span><span style=\"color: #993300;\">La expedici\u00f3n Malaspina\u00bb<\/span><\/a><\/p>\n<p><img loading=\"lazy\" decoding=\"async\" class=\"alignnone size-full wp-image-101\" src=\"http:\/\/bheiran.com\/wp-content\/uploads\/2014\/09\/el-pais.png\" alt=\"Textos sobre bheiran en el diario EL PAIS\" width=\"140\" height=\"31\" \/><\/p>\n<p><em><strong>En el diario EL PA\u00cdS<\/strong><\/em><\/p>\n<h4><span style=\"color: #993300;\">1 .<a href=\"http:\/\/cultura.elpais.com\/cultura\/2014\/09\/12\/actualidad\/1410546297_897636.html\" target=\"_blank\" rel=\"noopener\">&#8211; expedici\u00f3n del explorador brit\u00e1nico sir John Franklin<\/a><\/span><\/h4>\n<h4>2.-\u00a0<a href=\"http:\/\/cultura.elpais.com\/cultura\/2014\/09\/05\/actualidad\/1409926971_129473.html\" target=\"_blank\" rel=\"noopener\">Reportaje sobre \u00abLa Armada invencible\u00bb, EL PA\u00cdS 7 spt. de 2014<\/a>.<\/h4>\n<p><strong><a href=\"http:\/\/elpais.com\/m\/elpais\/2014\/10\/20\/ciencia\/1413832523_506712.html\" target=\"_blank\" rel=\"noopener\">3.- Reportaje \u00abLas notas perdidas del explorados\u00bb,\u00a0EL PA\u00cdS 14 oct. de 2014.<\/a><\/strong><\/p>\n<p>&nbsp;<\/p>\n<p><a href=\"http:\/\/www.apfsc.com\/castellano\/autoridad_portuaria\/historia.html\" target=\"_blank\" rel=\"noopener\"><img loading=\"lazy\" decoding=\"async\" class=\"alignnone wp-image-75 size-thumbnail\" src=\"http:\/\/bheiran.com\/wp-content\/uploads\/2014\/10\/autoridad_portuaria-150x54.jpg\" alt=\"Puerto del El Ferrol\" width=\"150\" height=\"54\" srcset=\"http:\/\/bheiran.trotajueves.es\/wp-content\/uploads\/2014\/10\/autoridad_portuaria-150x54.jpg 150w, http:\/\/bheiran.trotajueves.es\/wp-content\/uploads\/2014\/10\/autoridad_portuaria.jpg 234w\" sizes=\"auto, (max-width: 150px) 100vw, 150px\" \/><\/a><\/p>\n<p><a href=\"http:\/\/www.apfsc.com\/castellano\/autoridad_portuaria\/historia.html\" target=\"_blank\" rel=\"noopener\">Autoridad Portuaria Puerto del Ferrol<\/a><\/p>\n<p><span style=\"color: #993300;\"><a href=\"http:\/\/www.apfsc.com\/castellano\/autoridad_portuaria\/historia.html\" target=\"_blank\" rel=\"noopener\">\u00abLa construcci\u00f3n del Arsenal de la Armada empieza en 1750 y, al mismo tiempo, se va creando una nueva ciudad detr\u00e1s de las instalaciones militares para acoger a la numerosa mano de obra.\u00bb<\/a><\/span><\/p>\n<p>&nbsp;<\/p>\n","protected":false},"excerpt":{"rendered":"<p>CUANDO TERMINES CON LAS P\u00c1GINAS PROTEGIDAS, RECUERDA SALIR APRETANDO ESTE BOT\u00d3N. Todos te lo agradeceremos, incluso t\u00fa. Un beso. &nbsp; Domingo Bad\u00eda 1 Domingo Bad\u00eda 2 Domingo Bad\u00eda 3 expulsi\u00f3n de los jesuitas\u00a01 Dominicos en Am\u00e9rica a partir de 1780 Expedici\u00f3n contra Argel 1783 Comandante Barcel\u00f3 Expedici\u00f3n contra Argel 1784 Comandante Barcel\u00f3 Cartas Marruecas Georgia, [&hellip;]<\/p>\n","protected":false},"author":1,"featured_media":56,"parent":0,"menu_order":0,"comment_status":"open","ping_status":"closed","template":"","meta":{"footnotes":""},"class_list":["post-10","page","type-page","status-publish","has-post-thumbnail","hentry"],"_links":{"self":[{"href":"http:\/\/bheiran.trotajueves.es\/index.php?rest_route=\/wp\/v2\/pages\/10","targetHints":{"allow":["GET"]}}],"collection":[{"href":"http:\/\/bheiran.trotajueves.es\/index.php?rest_route=\/wp\/v2\/pages"}],"about":[{"href":"http:\/\/bheiran.trotajueves.es\/index.php?rest_route=\/wp\/v2\/types\/page"}],"author":[{"embeddable":true,"href":"http:\/\/bheiran.trotajueves.es\/index.php?rest_route=\/wp\/v2\/users\/1"}],"replies":[{"embeddable":true,"href":"http:\/\/bheiran.trotajueves.es\/index.php?rest_route=%2Fwp%2Fv2%2Fcomments&post=10"}],"version-history":[{"count":2,"href":"http:\/\/bheiran.trotajueves.es\/index.php?rest_route=\/wp\/v2\/pages\/10\/revisions"}],"predecessor-version":[{"id":614,"href":"http:\/\/bheiran.trotajueves.es\/index.php?rest_route=\/wp\/v2\/pages\/10\/revisions\/614"}],"wp:featuredmedia":[{"embeddable":true,"href":"http:\/\/bheiran.trotajueves.es\/index.php?rest_route=\/wp\/v2\/media\/56"}],"wp:attachment":[{"href":"http:\/\/bheiran.trotajueves.es\/index.php?rest_route=%2Fwp%2Fv2%2Fmedia&parent=10"}],"curies":[{"name":"wp","href":"https:\/\/api.w.org\/{rel}","templated":true}]}}