{"id":168,"date":"2014-10-28T19:30:57","date_gmt":"2014-10-28T19:30:57","guid":{"rendered":"http:\/\/bheiran.com\/?page_id=168"},"modified":"2024-02-02T10:59:10","modified_gmt":"2024-02-02T10:59:10","slug":"wiki-bheiranadas","status":"publish","type":"page","link":"http:\/\/bheiran.trotajueves.es\/?page_id=168","title":{"rendered":"WIKI BHEIRANADAS."},"content":{"rendered":"<p><img loading=\"lazy\" decoding=\"async\" class=\"alignleft size-thumbnail wp-image-240\" src=\"http:\/\/bheiran.com\/wp-content\/uploads\/2014\/10\/flechaInicio-91x150.gif\" alt=\"flechaInicio\" width=\"91\" height=\"150\" srcset=\"http:\/\/bheiran.trotajueves.es\/wp-content\/uploads\/2014\/10\/flechaInicio-91x150.gif 91w, http:\/\/bheiran.trotajueves.es\/wp-content\/uploads\/2014\/10\/flechaInicio-139x230.gif 139w\" sizes=\"auto, (max-width: 91px) 100vw, 91px\" \/>CUANDO TERMINES CON LAS P\u00c1GINAS PROTEGIDAS,<\/p>\n<p>RECUERDA SALIR<\/p>\n<p>APRETANDO ESTE BOT\u00d3N.<\/p>\n<p>Todos te lo agradeceremos,<\/p>\n<p>incluso t\u00fa. Un beso.<\/p>\n<p>&nbsp;<\/p>\n<p style=\"text-align: center;\">Informaci\u00f3n r\u00e1pida obtenida a trav\u00e9s de <em><strong>wikipedia<\/strong><\/em><\/p>\n<p><img loading=\"lazy\" decoding=\"async\" class=\"aligncenter size-thumbnail wp-image-118\" src=\"http:\/\/bheiran.com\/wp-content\/uploads\/2014\/10\/WIKIPEDIA-150x100.jpg\" alt=\"WIKIPEDIA\" width=\"150\" height=\"100\" srcset=\"http:\/\/bheiran.trotajueves.es\/wp-content\/uploads\/2014\/10\/WIKIPEDIA-150x100.jpg 150w, http:\/\/bheiran.trotajueves.es\/wp-content\/uploads\/2014\/10\/WIKIPEDIA.jpg 221w\" sizes=\"auto, (max-width: 150px) 100vw, 150px\" \/><\/p>\n<p style=\"text-align: center;\">y que seguramente los habitantes de Bheiran aborrecer\u00edan si la hubieran conocido.<\/p>\n<p>Pero asequible y resumida, es una forma r\u00e1pida de entrar en materia:<\/p>\n<p>&nbsp;<\/p>\n<p><a href=\"https:\/\/es.wikipedia.org\/wiki\/Domingo_Bad%C3%ADa\" target=\"_blank\" rel=\"noopener\"><img loading=\"lazy\" decoding=\"async\" class=\"alignnone wp-image-558 size-thumbnail\" src=\"http:\/\/bheiran.com\/wp-content\/uploads\/2014\/10\/250px-Ali-bey-95x150.jpg\" alt=\"Texto personajes de epi\" width=\"95\" height=\"150\" srcset=\"http:\/\/bheiran.trotajueves.es\/wp-content\/uploads\/2014\/10\/250px-Ali-bey-95x150.jpg 95w, http:\/\/bheiran.trotajueves.es\/wp-content\/uploads\/2014\/10\/250px-Ali-bey-191x300.jpg 191w, http:\/\/bheiran.trotajueves.es\/wp-content\/uploads\/2014\/10\/250px-Ali-bey-146x230.jpg 146w, http:\/\/bheiran.trotajueves.es\/wp-content\/uploads\/2014\/10\/250px-Ali-bey.jpg 250w\" sizes=\"auto, (max-width: 95px) 100vw, 95px\" \/><\/a><\/p>\n<p><a href=\"https:\/\/es.wikipedia.org\/wiki\/Domingo_Bad%C3%ADa\" target=\"_blank\" rel=\"noopener\">Domingo Badia<\/a><\/p>\n<p><a href=\"https:\/\/es.wikipedia.org\/wiki\/Gregorio_Mayans\" target=\"_blank\" rel=\"noopener\"><img loading=\"lazy\" decoding=\"async\" class=\"alignnone wp-image-567 size-thumbnail\" src=\"http:\/\/bheiran.com\/wp-content\/uploads\/2014\/10\/nota1_Mayans2-150x150.jpg\" alt=\"nota1_Mayans2\" width=\"150\" height=\"150\" srcset=\"http:\/\/bheiran.trotajueves.es\/wp-content\/uploads\/2014\/10\/nota1_Mayans2-150x150.jpg 150w, http:\/\/bheiran.trotajueves.es\/wp-content\/uploads\/2014\/10\/nota1_Mayans2.jpg 190w\" sizes=\"auto, (max-width: 150px) 100vw, 150px\" \/><\/a><\/p>\n<p><a href=\"https:\/\/es.wikipedia.org\/wiki\/Gregorio_Mayans\" target=\"_blank\" rel=\"noopener\">Gregorio Mayans<\/a><\/p>\n<figure id=\"attachment_562\" aria-describedby=\"caption-attachment-562\" style=\"width: 150px\" class=\"wp-caption alignnone\"><a href=\"https:\/\/es.wikipedia.org\/wiki\/Manuel_Mart%C3%AD\" target=\"_blank\" rel=\"noopener\"><img loading=\"lazy\" decoding=\"async\" class=\"wp-image-562 size-thumbnail\" src=\"http:\/\/bheiran.com\/wp-content\/uploads\/2014\/09\/Evangelizaci\u00f3n-150x87.jpg\" alt=\"Evangelizaci\u00f3n\" width=\"150\" height=\"87\" srcset=\"http:\/\/bheiran.trotajueves.es\/wp-content\/uploads\/2014\/09\/Evangelizaci\u00f3n-150x87.jpg 150w, http:\/\/bheiran.trotajueves.es\/wp-content\/uploads\/2014\/09\/Evangelizaci\u00f3n.jpg 300w\" sizes=\"auto, (max-width: 150px) 100vw, 150px\" \/><\/a><figcaption id=\"caption-attachment-562\" class=\"wp-caption-text\">Manuel Mart\u00ed<\/figcaption><\/figure>\n<p><a href=\"https:\/\/es.wikipedia.org\/wiki\/Jacint_Segura\" target=\"_blank\" rel=\"noopener\">Dominico Jacinto Segura<\/a><\/p>\n<p><a href=\"http:\/\/es.wikipedia.org\/wiki\/Tratado_de_Par%C3%ADs_(1783)\" target=\"_blank\" rel=\"noopener\"><img loading=\"lazy\" decoding=\"async\" class=\"alignnone wp-image-524 size-thumbnail\" src=\"http:\/\/bheiran.com\/wp-content\/uploads\/2014\/10\/tratado-150x112.jpg\" alt=\"tratado\" width=\"150\" height=\"112\" srcset=\"http:\/\/bheiran.trotajueves.es\/wp-content\/uploads\/2014\/10\/tratado-150x112.jpg 150w, http:\/\/bheiran.trotajueves.es\/wp-content\/uploads\/2014\/10\/tratado.jpg 280w\" sizes=\"auto, (max-width: 150px) 100vw, 150px\" \/><\/a><\/p>\n<p><a href=\"http:\/\/es.wikipedia.org\/wiki\/Tratado_de_Par%C3%ADs_(1783)\" target=\"_blank\" rel=\"noopener\">\u00a0 El tratado de Par\u00eds. 1873 Fin de la guerra de independencia de EEUU.<\/a><\/p>\n<p><a href=\"http:\/\/es.wikipedia.org\/wiki\/Bombardeo_de_Argel_(1783)\"><img loading=\"lazy\" decoding=\"async\" class=\"alignnone size-thumbnail wp-image-521\" src=\"http:\/\/bheiran.com\/wp-content\/uploads\/2014\/10\/Siege_of_Algiers_1541-150x121.jpg\" alt=\"Siege_of_Algiers_1541\" width=\"150\" height=\"121\" srcset=\"http:\/\/bheiran.trotajueves.es\/wp-content\/uploads\/2014\/10\/Siege_of_Algiers_1541-150x121.jpg 150w, http:\/\/bheiran.trotajueves.es\/wp-content\/uploads\/2014\/10\/Siege_of_Algiers_1541-283x230.jpg 283w, http:\/\/bheiran.trotajueves.es\/wp-content\/uploads\/2014\/10\/Siege_of_Algiers_1541.jpg 300w\" sizes=\"auto, (max-width: 150px) 100vw, 150px\" \/><\/a><\/p>\n<p><a href=\"http:\/\/es.wikipedia.org\/wiki\/Bombardeo_de_Argel_(1783)\" target=\"_blank\" rel=\"noopener\">Asedio de Argel<\/a><\/p>\n<p><a href=\"http:\/\/es.wikipedia.org\/wiki\/Pirater%C3%ADa_berberisca\" target=\"_blank\" rel=\"noopener\"><img loading=\"lazy\" decoding=\"async\" class=\"alignnone wp-image-520 size-thumbnail\" src=\"http:\/\/bheiran.com\/wp-content\/uploads\/2014\/10\/barbarossa-101x150.jpg\" alt=\"barbarossa\" width=\"101\" height=\"150\" srcset=\"http:\/\/bheiran.trotajueves.es\/wp-content\/uploads\/2014\/10\/barbarossa-101x150.jpg 101w, http:\/\/bheiran.trotajueves.es\/wp-content\/uploads\/2014\/10\/barbarossa-154x230.jpg 154w, http:\/\/bheiran.trotajueves.es\/wp-content\/uploads\/2014\/10\/barbarossa.jpg 200w\" sizes=\"auto, (max-width: 101px) 100vw, 101px\" \/><\/a><\/p>\n<p><a href=\"http:\/\/es.wikipedia.org\/wiki\/Pirater%C3%ADa_berberisca\" target=\"_blank\" rel=\"noopener\">Piratas Berberiscos<\/a><\/p>\n<p><a href=\"http:\/\/bib.cervantesvirtual.com\/bib_autor\/cadalso\/biografia.shtml\" target=\"_blank\" rel=\"noopener\"><img loading=\"lazy\" decoding=\"async\" class=\"alignnone wp-image-479 size-thumbnail\" src=\"http:\/\/bheiran.com\/wp-content\/uploads\/2015\/03\/cadalso-1-117x150.jpg\" alt=\"cadalso (1)\" width=\"117\" height=\"150\" srcset=\"http:\/\/bheiran.trotajueves.es\/wp-content\/uploads\/2015\/03\/cadalso-1-117x150.jpg 117w, http:\/\/bheiran.trotajueves.es\/wp-content\/uploads\/2015\/03\/cadalso-1-179x230.jpg 179w, http:\/\/bheiran.trotajueves.es\/wp-content\/uploads\/2015\/03\/cadalso-1.jpg 234w\" sizes=\"auto, (max-width: 117px) 100vw, 117px\" \/><\/a><\/p>\n<p><a href=\"http:\/\/bib.cervantesvirtual.com\/bib_autor\/cadalso\/biografia.shtml\" target=\"_blank\" rel=\"noopener\">Jos\u00e9 de Cadalso.<\/a><\/p>\n<p><a href=\"http:\/\/es.wikipedia.org\/wiki\/Eetes\" target=\"_blank\" rel=\"noopener\"><img loading=\"lazy\" decoding=\"async\" class=\"alignnone wp-image-382 size-thumbnail\" src=\"http:\/\/bheiran.com\/wp-content\/uploads\/2014\/10\/jason-150x136.gif\" alt=\"jason\" width=\"150\" height=\"136\" srcset=\"http:\/\/bheiran.trotajueves.es\/wp-content\/uploads\/2014\/10\/jason-150x136.gif 150w, http:\/\/bheiran.trotajueves.es\/wp-content\/uploads\/2014\/10\/jason-300x272.gif 300w, http:\/\/bheiran.trotajueves.es\/wp-content\/uploads\/2014\/10\/jason-253x230.gif 253w\" sizes=\"auto, (max-width: 150px) 100vw, 150px\" \/><\/a><\/p>\n<p><a href=\"http:\/\/es.wikipedia.org\/wiki\/Eetes\" target=\"_blank\" rel=\"noopener\">Eetes. Padre de Medea<\/a><\/p>\n<p><a href=\"http:\/\/es.wikipedia.org\/wiki\/Medea_%28mitolog%C3%ADa%29\" target=\"_blank\" rel=\"noopener\"><img loading=\"lazy\" decoding=\"async\" class=\"alignnone wp-image-377 size-thumbnail\" src=\"http:\/\/bheiran.com\/wp-content\/uploads\/2014\/10\/Medea-120x150.jpg\" alt=\"Medea\" width=\"120\" height=\"150\" srcset=\"http:\/\/bheiran.trotajueves.es\/wp-content\/uploads\/2014\/10\/Medea-120x150.jpg 120w, http:\/\/bheiran.trotajueves.es\/wp-content\/uploads\/2014\/10\/Medea-240x300.jpg 240w, http:\/\/bheiran.trotajueves.es\/wp-content\/uploads\/2014\/10\/Medea-184x230.jpg 184w, http:\/\/bheiran.trotajueves.es\/wp-content\/uploads\/2014\/10\/Medea.jpg 260w\" sizes=\"auto, (max-width: 120px) 100vw, 120px\" \/><\/a><\/p>\n<p><a href=\"http:\/\/es.wikipedia.org\/wiki\/Medea_%28mitolog%C3%ADa%29\" target=\"_blank\" rel=\"noopener\">Medea<\/a><\/p>\n<p><a href=\"http:\/\/es.wikipedia.org\/wiki\/Juan_Van_Halen\" target=\"_blank\" rel=\"noopener\"><img loading=\"lazy\" decoding=\"async\" class=\"alignnone wp-image-311 size-thumbnail\" src=\"http:\/\/bheiran.com\/wp-content\/uploads\/2014\/10\/JuanVanHalenYSart\u00edAn\u00f3nimoHacia1853-112x150.jpg\" alt=\"JuanVanHalenYSart\u00edAn\u00f3nimoHacia1853\" width=\"112\" height=\"150\" srcset=\"http:\/\/bheiran.trotajueves.es\/wp-content\/uploads\/2014\/10\/JuanVanHalenYSart\u00edAn\u00f3nimoHacia1853-112x150.jpg 112w, http:\/\/bheiran.trotajueves.es\/wp-content\/uploads\/2014\/10\/JuanVanHalenYSart\u00edAn\u00f3nimoHacia1853-172x230.jpg 172w, http:\/\/bheiran.trotajueves.es\/wp-content\/uploads\/2014\/10\/JuanVanHalenYSart\u00edAn\u00f3nimoHacia1853.jpg 220w\" sizes=\"auto, (max-width: 112px) 100vw, 112px\" \/><\/a><\/p>\n<p><a href=\"http:\/\/es.wikipedia.org\/wiki\/Juan_Van_Halen\" target=\"_blank\" rel=\"noopener\">\u00a0Juan Van Halen<\/a><\/p>\n<p><a href=\"http:\/\/es.wikipedia.org\/wiki\/Orden_del_Tois%C3%B3n_de_Oro\" target=\"_blank\" rel=\"noopener\"><img loading=\"lazy\" decoding=\"async\" class=\"alignnone wp-image-307 size-thumbnail\" src=\"http:\/\/bheiran.com\/wp-content\/uploads\/2014\/10\/toison-de-oro-150x106.jpg\" alt=\"toison de oro\" width=\"150\" height=\"106\" srcset=\"http:\/\/bheiran.trotajueves.es\/wp-content\/uploads\/2014\/10\/toison-de-oro-150x106.jpg 150w, http:\/\/bheiran.trotajueves.es\/wp-content\/uploads\/2014\/10\/toison-de-oro.jpg 267w\" sizes=\"auto, (max-width: 150px) 100vw, 150px\" \/><\/a><\/p>\n<p><a href=\"http:\/\/es.wikipedia.org\/wiki\/Orden_del_Tois%C3%B3n_de_Oro\" target=\"_blank\" rel=\"noopener\">Tois\u00f3n de oro.<\/a><\/p>\n<p><a href=\"http:\/\/es.wikipedia.org\/wiki\/Vellocino_de_oro\" target=\"_blank\" rel=\"noopener\"><img loading=\"lazy\" decoding=\"async\" class=\"alignnone wp-image-306 size-thumbnail\" src=\"http:\/\/bheiran.com\/wp-content\/uploads\/2014\/10\/220px-Jason_Pelias_Louvre_K127-108x150.jpg\" alt=\"\" width=\"108\" height=\"150\" srcset=\"http:\/\/bheiran.trotajueves.es\/wp-content\/uploads\/2014\/10\/220px-Jason_Pelias_Louvre_K127-108x150.jpg 108w, http:\/\/bheiran.trotajueves.es\/wp-content\/uploads\/2014\/10\/220px-Jason_Pelias_Louvre_K127-217x300.jpg 217w, http:\/\/bheiran.trotajueves.es\/wp-content\/uploads\/2014\/10\/220px-Jason_Pelias_Louvre_K127-166x230.jpg 166w, http:\/\/bheiran.trotajueves.es\/wp-content\/uploads\/2014\/10\/220px-Jason_Pelias_Louvre_K127.jpg 220w\" sizes=\"auto, (max-width: 108px) 100vw, 108px\" \/><\/a><\/p>\n<p><a href=\"http:\/\/es.wikipedia.org\/wiki\/Vellocino_de_oro\" target=\"_blank\" rel=\"noopener\">El Vellocino de oro<\/a><\/p>\n<p><a href=\"http:\/\/es.m.wikipedia.org\/wiki\/Real_Expedici%C3%B3n_Filantr%C3%B3pica_de_la_Vacuna\" target=\"_blank\" rel=\"noopener\"><img loading=\"lazy\" decoding=\"async\" class=\"alignnone wp-image-169 size-thumbnail\" src=\"http:\/\/bheiran.com\/wp-content\/uploads\/2014\/10\/Balmis-112x150.jpg\" alt=\"Real Expedici\u00f3n Filantr\u00f3pica de la Vacuna\" width=\"112\" height=\"150\" srcset=\"http:\/\/bheiran.trotajueves.es\/wp-content\/uploads\/2014\/10\/Balmis-112x150.jpg 112w, http:\/\/bheiran.trotajueves.es\/wp-content\/uploads\/2014\/10\/Balmis-225x300.jpg 225w, http:\/\/bheiran.trotajueves.es\/wp-content\/uploads\/2014\/10\/Balmis-173x230.jpg 173w, http:\/\/bheiran.trotajueves.es\/wp-content\/uploads\/2014\/10\/Balmis.jpg 482w\" sizes=\"auto, (max-width: 112px) 100vw, 112px\" \/><\/a><\/p>\n<p><a href=\"http:\/\/es.m.wikipedia.org\/wiki\/Real_Expedici%C3%B3n_Filantr%C3%B3pica_de_la_Vacuna\" target=\"_blank\" rel=\"noopener\">Real Expedici\u00f3n Filantr\u00f3pica de la Vacuna<\/a><\/p>\n<p><a href=\"http:\/\/es.m.wikipedia.org\/wiki\/Catalina_de_Erauso\" target=\"_blank\" rel=\"noopener\"><img loading=\"lazy\" decoding=\"async\" class=\"alignnone wp-image-170 size-thumbnail\" src=\"http:\/\/bheiran.com\/wp-content\/uploads\/2014\/10\/Catalina_de_Erauso-113x150.jpg\" alt=\"Catalina_de_Erauso\" width=\"113\" height=\"150\" srcset=\"http:\/\/bheiran.trotajueves.es\/wp-content\/uploads\/2014\/10\/Catalina_de_Erauso-113x150.jpg 113w, http:\/\/bheiran.trotajueves.es\/wp-content\/uploads\/2014\/10\/Catalina_de_Erauso-226x300.jpg 226w, http:\/\/bheiran.trotajueves.es\/wp-content\/uploads\/2014\/10\/Catalina_de_Erauso-174x230.jpg 174w, http:\/\/bheiran.trotajueves.es\/wp-content\/uploads\/2014\/10\/Catalina_de_Erauso.jpg 289w\" sizes=\"auto, (max-width: 113px) 100vw, 113px\" \/><\/a><\/p>\n<p><a href=\"http:\/\/es.m.wikipedia.org\/wiki\/Catalina_de_Eraus\" target=\"_blank\" rel=\"noopener\">Catalina Erauso y P\u00e9rez Galarraga<\/a>, popularmente conocida como la <strong><em>Monja Alf\u00e9rez.<\/em><\/strong><\/p>\n<p><a href=\"http:\/\/es.m.wikipedia.org\/wiki\/Hip%C3%B3lito_Ruiz_L%C3%B3pez\" target=\"_blank\" rel=\"noopener\"><img loading=\"lazy\" decoding=\"async\" class=\"alignnone wp-image-172 size-thumbnail\" src=\"http:\/\/bheiran.com\/wp-content\/uploads\/2014\/10\/Hip\u00f3lito_Ruiz_L\u00f3pez-125x150.jpeg\" alt=\"Hip\u00f3lito Ruiz L\u00f3pez\" width=\"125\" height=\"150\" srcset=\"http:\/\/bheiran.trotajueves.es\/wp-content\/uploads\/2014\/10\/Hip\u00f3lito_Ruiz_L\u00f3pez-125x150.jpeg 125w, http:\/\/bheiran.trotajueves.es\/wp-content\/uploads\/2014\/10\/Hip\u00f3lito_Ruiz_L\u00f3pez-192x230.jpeg 192w, http:\/\/bheiran.trotajueves.es\/wp-content\/uploads\/2014\/10\/Hip\u00f3lito_Ruiz_L\u00f3pez.jpeg 205w\" sizes=\"auto, (max-width: 125px) 100vw, 125px\" \/><\/a><\/p>\n<p><a href=\"http:\/\/es.m.wikipedia.org\/wiki\/Hip%C3%B3lito_Ruiz_L%C3%B3pez\" target=\"_blank\" rel=\"noopener\">Hip\u00f3lito Ruiz L\u00f3pez<\/a>.\u00a0en 1777, se le nombr\u00f3 director de la <a title=\"Expedici\u00f3n Bot\u00e1nica al Virreinato del Per\u00fa\" href=\"http:\/\/es.m.wikipedia.org\/wiki\/Expedici%C3%B3n_Bot%C3%A1nica_al_Virreinato_del_Per%C3%BA\">Expedici\u00f3n Bot\u00e1nica al Virreinato del Per\u00fa<\/a>.<\/p>\n<p><a href=\"http:\/\/es.m.wikipedia.org\/wiki\/Bergant%C3%ADn\" target=\"_blank\" rel=\"noopener\"><img loading=\"lazy\" decoding=\"async\" class=\"alignnone wp-image-171 size-thumbnail\" src=\"http:\/\/bheiran.com\/wp-content\/uploads\/2014\/10\/bergantin3-150x97.jpg\" alt=\"bergant\u00edn\" width=\"150\" height=\"97\" srcset=\"http:\/\/bheiran.trotajueves.es\/wp-content\/uploads\/2014\/10\/bergantin3-150x97.jpg 150w, http:\/\/bheiran.trotajueves.es\/wp-content\/uploads\/2014\/10\/bergantin3.jpg 300w\" sizes=\"auto, (max-width: 150px) 100vw, 150px\" \/><\/a><\/p>\n<p><a href=\"http:\/\/es.m.wikipedia.org\/wiki\/Bergant%C3%ADn\" target=\"_blank\" rel=\"noopener\">Bergant\u00edn<\/a><\/p>\n<p><a href=\"http:\/\/es.m.wikipedia.org\/wiki\/Nav%C3%ADo_de_l%C3%ADnea\" target=\"_blank\" rel=\"noopener\"><img loading=\"lazy\" decoding=\"async\" class=\"alignnone wp-image-175 size-thumbnail\" src=\"http:\/\/bheiran.com\/wp-content\/uploads\/2014\/10\/linea2-150x77.jpg\" alt=\"Navio de l\u00ednea\" width=\"150\" height=\"77\" srcset=\"http:\/\/bheiran.trotajueves.es\/wp-content\/uploads\/2014\/10\/linea2-150x77.jpg 150w, http:\/\/bheiran.trotajueves.es\/wp-content\/uploads\/2014\/10\/linea2-300x154.jpg 300w, http:\/\/bheiran.trotajueves.es\/wp-content\/uploads\/2014\/10\/linea2-446x230.jpg 446w, http:\/\/bheiran.trotajueves.es\/wp-content\/uploads\/2014\/10\/linea2.jpg 480w\" sizes=\"auto, (max-width: 150px) 100vw, 150px\" \/><\/a><\/p>\n<p><a href=\"http:\/\/es.m.wikipedia.org\/wiki\/Nav%C3%ADo_de_l%C3%ADnea\" target=\"_blank\" rel=\"noopener\">Navio de l\u00ednea.<\/a><\/p>\n<p><a href=\"http:\/\/es.m.wikipedia.org\/wiki\/Cinchona\" target=\"_blank\" rel=\"noopener\"><img loading=\"lazy\" decoding=\"async\" class=\"alignnone wp-image-177 size-thumbnail\" src=\"http:\/\/bheiran.com\/wp-content\/uploads\/2014\/10\/Cinchona-125x150.jpg\" alt=\"Cinchona\" width=\"125\" height=\"150\" srcset=\"http:\/\/bheiran.trotajueves.es\/wp-content\/uploads\/2014\/10\/Cinchona-125x150.jpg 125w, http:\/\/bheiran.trotajueves.es\/wp-content\/uploads\/2014\/10\/Cinchona-250x300.jpg 250w, http:\/\/bheiran.trotajueves.es\/wp-content\/uploads\/2014\/10\/Cinchona-191x230.jpg 191w, http:\/\/bheiran.trotajueves.es\/wp-content\/uploads\/2014\/10\/Cinchona.jpg 667w\" sizes=\"auto, (max-width: 125px) 100vw, 125px\" \/><\/a><\/p>\n<p><a href=\"http:\/\/es.m.wikipedia.org\/wiki\/Cinchona\" target=\"_blank\" rel=\"noopener\"><i>Cinchona<\/i><\/a> es un g\u00e9nero de plantas faner\u00f3gamas del orden de las Gentianales de la familia de las Rubiaceae.<\/p>\n<p>&nbsp;<\/p>\n<p><a title=\"\u00a9 S\u00e9mhur\u00a0\/\u00a0Wikimedia Commons \/\u00a0CC-BY-SA-3.0 (or Free Art License), undefined\" href=\"http:\/\/commons.wikimedia.org\/wiki\/File%3AVoyage_of_the_Beagle-fr.svg\" target=\"_blank\" rel=\"noopener\"><img loading=\"lazy\" decoding=\"async\" src=\"\/\/upload.wikimedia.org\/wikipedia\/commons\/thumb\/e\/ed\/Voyage_of_the_Beagle-fr.svg\/512px-Voyage_of_the_Beagle-fr.svg.png\" alt=\"Voyage of the Beagle-fr\" width=\"512\" height=\"256\" \/><\/a><\/p>\n<p><strong><em><a href=\"http:\/\/commons.wikimedia.org\/wiki\/File%3AVoyage_of_the_Beagle-fr.svg\" target=\"_blank\" rel=\"noopener\">&#8211; El Beagle en WIKIPEDIA<\/a><\/em><\/strong><\/p>\n<p>&nbsp;<\/p>\n","protected":false},"excerpt":{"rendered":"<p>CUANDO TERMINES CON LAS P\u00c1GINAS PROTEGIDAS, RECUERDA SALIR APRETANDO ESTE BOT\u00d3N. Todos te lo agradeceremos, incluso t\u00fa. Un beso. &nbsp; Informaci\u00f3n r\u00e1pida obtenida a trav\u00e9s de wikipedia y que seguramente los habitantes de Bheiran aborrecer\u00edan si la hubieran conocido. Pero asequible y resumida, es una forma r\u00e1pida de entrar en materia: &nbsp; Domingo Badia Gregorio [&hellip;]<\/p>\n","protected":false},"author":1,"featured_media":118,"parent":0,"menu_order":0,"comment_status":"open","ping_status":"closed","template":"","meta":{"footnotes":""},"class_list":["post-168","page","type-page","status-publish","has-post-thumbnail","hentry"],"_links":{"self":[{"href":"http:\/\/bheiran.trotajueves.es\/index.php?rest_route=\/wp\/v2\/pages\/168","targetHints":{"allow":["GET"]}}],"collection":[{"href":"http:\/\/bheiran.trotajueves.es\/index.php?rest_route=\/wp\/v2\/pages"}],"about":[{"href":"http:\/\/bheiran.trotajueves.es\/index.php?rest_route=\/wp\/v2\/types\/page"}],"author":[{"embeddable":true,"href":"http:\/\/bheiran.trotajueves.es\/index.php?rest_route=\/wp\/v2\/users\/1"}],"replies":[{"embeddable":true,"href":"http:\/\/bheiran.trotajueves.es\/index.php?rest_route=%2Fwp%2Fv2%2Fcomments&post=168"}],"version-history":[{"count":2,"href":"http:\/\/bheiran.trotajueves.es\/index.php?rest_route=\/wp\/v2\/pages\/168\/revisions"}],"predecessor-version":[{"id":616,"href":"http:\/\/bheiran.trotajueves.es\/index.php?rest_route=\/wp\/v2\/pages\/168\/revisions\/616"}],"wp:featuredmedia":[{"embeddable":true,"href":"http:\/\/bheiran.trotajueves.es\/index.php?rest_route=\/wp\/v2\/media\/118"}],"wp:attachment":[{"href":"http:\/\/bheiran.trotajueves.es\/index.php?rest_route=%2Fwp%2Fv2%2Fmedia&parent=168"}],"curies":[{"name":"wp","href":"https:\/\/api.w.org\/{rel}","templated":true}]}}